{"id":1227,"date":"2021-05-25T06:12:54","date_gmt":"2021-05-25T06:12:54","guid":{"rendered":"http:\/\/transi.lt.jrdarbai.hostingas.lt\/apie-mus\/"},"modified":"2021-12-08T10:57:32","modified_gmt":"2021-12-08T10:57:32","slug":"about-us","status":"publish","type":"page","link":"https:\/\/froelich.de\/en\/about-us\/","title":{"rendered":"About Us"},"content":{"rendered":"<h2>All logistics services<\/h2>\n<p>Fr\u00f6lich is a German company based in Hessisch Lichtenau, located near Kassel in the geographical center of Germany.<\/p>\n<p>Fr\u00f6lich Internationale Transporte looks back upon a rich 135-year history as a Fr\u00f6lich family founded, owned and managed business. The last 10 years were pivotal for positioning Fr\u00f6lich for the future. As part of its strategy, it has introduced and successfully developed an intermodal business between Germany and Italy utilizing a direct rail connection between Kassel and Verona v.v. Thereby it has established a modern transport connection linking the northern and southern European markets through the Alps. Furthermore, the rail link is simultaneously environmentally friendly.<\/p>\n<p>Fr\u00f6lich joins the <a href=\"https:\/\/transimeksa.com\/\">Transimeksa Group<\/a> with its team of more than 90 motivated colleagues, own office and warehouse capacities in Hessisch Lichtenau, a fleet of approximately 60 trucks, 100 trailers and a direct rail connection linking Kassel and Verona. Beside of Fr\u00f6lich\u00a0 intermodal business, Fr\u00f6lich also has well-established activities of FTL and LTL within the German domestic market. As well the Fr\u00f6lich team serve also longtherm customers warehouse logistic services.<\/p>\n<p><a class=\"btn yellow\" href=\"http:\/\/transi.lt.jrdarbai.hostingas.lt\/en\/contacts\/\">Contact Us<\/a><\/p>\n","protected":false},"excerpt":{"rendered":"<p>All logistics services Fr\u00f6lich is a German company based in Hessisch Lichtenau, located near Kassel in the geographical center of Germany. Fr\u00f6lich Internationale Transporte looks back upon a rich 135-year history as a Fr\u00f6lich family founded, owned and managed business. The last 10 years were pivotal for positioning Fr\u00f6lich for the future. As part of [&hellip;]<\/p>\n","protected":false},"author":3,"featured_media":4318,"parent":0,"menu_order":0,"comment_status":"closed","ping_status":"closed","template":"templates\/about.php","meta":{"inline_featured_image":false,"footnotes":""},"class_list":["post-1227","page","type-page","status-publish","has-post-thumbnail","hentry"],"yoast_head":"<!-- This site is optimized with the Yoast SEO plugin v27.3 - https:\/\/yoast.com\/product\/yoast-seo-wordpress\/ -->\n<title>About Us - Transimeksa<\/title>\n<meta name=\"description\" content=\"All logistics services: cargo transportation by personal and partner transport, intermodal services and warehousing.\" \/>\n<meta name=\"robots\" content=\"index, follow, max-snippet:-1, max-image-preview:large, max-video-preview:-1\" \/>\n<link rel=\"canonical\" href=\"https:\/\/froelich.de\/en\/about-us\/\" \/>\n<meta property=\"og:locale\" content=\"en_US\" \/>\n<meta property=\"og:type\" content=\"article\" \/>\n<meta property=\"og:title\" content=\"About Us - Transimeksa\" \/>\n<meta property=\"og:description\" content=\"All logistics services: cargo transportation by personal and partner transport, intermodal services and warehousing.\" \/>\n<meta property=\"og:url\" content=\"https:\/\/froelich.de\/en\/about-us\/\" \/>\n<meta property=\"og:site_name\" content=\"Transimeksa\" \/>\n<meta property=\"article:modified_time\" content=\"2021-12-08T10:57:32+00:00\" \/>\n<meta property=\"og:image\" content=\"https:\/\/froelich.de\/wp-content\/uploads\/2021\/11\/Froelich-intermodal-web-2.jpg\" \/>\n\t<meta property=\"og:image:width\" content=\"965\" \/>\n\t<meta property=\"og:image:height\" content=\"538\" \/>\n\t<meta property=\"og:image:type\" content=\"image\/jpeg\" \/>\n<meta name=\"twitter:card\" content=\"summary_large_image\" \/>\n<meta name=\"twitter:label1\" content=\"Est. reading time\" \/>\n\t<meta name=\"twitter:data1\" content=\"1 minute\" \/>\n<script type=\"application\/ld+json\" class=\"yoast-schema-graph\">{\"@context\":\"https:\\\/\\\/schema.org\",\"@graph\":[{\"@type\":\"WebPage\",\"@id\":\"https:\\\/\\\/froelich.de\\\/en\\\/about-us\\\/\",\"url\":\"https:\\\/\\\/froelich.de\\\/en\\\/about-us\\\/\",\"name\":\"About Us - Transimeksa\",\"isPartOf\":{\"@id\":\"https:\\\/\\\/froelich.de\\\/#website\"},\"primaryImageOfPage\":{\"@id\":\"https:\\\/\\\/froelich.de\\\/en\\\/about-us\\\/#primaryimage\"},\"image\":{\"@id\":\"https:\\\/\\\/froelich.de\\\/en\\\/about-us\\\/#primaryimage\"},\"thumbnailUrl\":\"https:\\\/\\\/froelich.de\\\/wp-content\\\/uploads\\\/2021\\\/11\\\/Froelich-intermodal-web-2.jpg\",\"datePublished\":\"2021-05-25T06:12:54+00:00\",\"dateModified\":\"2021-12-08T10:57:32+00:00\",\"description\":\"All logistics services: cargo transportation by personal and partner transport, intermodal services and warehousing.\",\"breadcrumb\":{\"@id\":\"https:\\\/\\\/froelich.de\\\/en\\\/about-us\\\/#breadcrumb\"},\"inLanguage\":\"en-US\",\"potentialAction\":[{\"@type\":\"ReadAction\",\"target\":[\"https:\\\/\\\/froelich.de\\\/en\\\/about-us\\\/\"]}]},{\"@type\":\"ImageObject\",\"inLanguage\":\"en-US\",\"@id\":\"https:\\\/\\\/froelich.de\\\/en\\\/about-us\\\/#primaryimage\",\"url\":\"https:\\\/\\\/froelich.de\\\/wp-content\\\/uploads\\\/2021\\\/11\\\/Froelich-intermodal-web-2.jpg\",\"contentUrl\":\"https:\\\/\\\/froelich.de\\\/wp-content\\\/uploads\\\/2021\\\/11\\\/Froelich-intermodal-web-2.jpg\",\"width\":965,\"height\":538,\"caption\":\"Froelich logistics\"},{\"@type\":\"BreadcrumbList\",\"@id\":\"https:\\\/\\\/froelich.de\\\/en\\\/about-us\\\/#breadcrumb\",\"itemListElement\":[{\"@type\":\"ListItem\",\"position\":1,\"name\":\"Home\",\"item\":\"https:\\\/\\\/froelich.de\\\/en\\\/\"},{\"@type\":\"ListItem\",\"position\":2,\"name\":\"About Us\"}]},{\"@type\":\"WebSite\",\"@id\":\"https:\\\/\\\/froelich.de\\\/#website\",\"url\":\"https:\\\/\\\/froelich.de\\\/\",\"name\":\"Transimeksa\",\"description\":\"\",\"publisher\":{\"@id\":\"https:\\\/\\\/froelich.de\\\/#organization\"},\"potentialAction\":[{\"@type\":\"SearchAction\",\"target\":{\"@type\":\"EntryPoint\",\"urlTemplate\":\"https:\\\/\\\/froelich.de\\\/?s={search_term_string}\"},\"query-input\":{\"@type\":\"PropertyValueSpecification\",\"valueRequired\":true,\"valueName\":\"search_term_string\"}}],\"inLanguage\":\"en-US\"},{\"@type\":\"Organization\",\"@id\":\"https:\\\/\\\/froelich.de\\\/#organization\",\"name\":\"Transimeksa\",\"url\":\"https:\\\/\\\/froelich.de\\\/\",\"logo\":{\"@type\":\"ImageObject\",\"inLanguage\":\"en-US\",\"@id\":\"https:\\\/\\\/froelich.de\\\/#\\\/schema\\\/logo\\\/image\\\/\",\"url\":\"https:\\\/\\\/froelich.de\\\/wp-content\\\/uploads\\\/2021\\\/11\\\/frolich.png\",\"contentUrl\":\"https:\\\/\\\/froelich.de\\\/wp-content\\\/uploads\\\/2021\\\/11\\\/frolich.png\",\"width\":197,\"height\":60,\"caption\":\"Transimeksa\"},\"image\":{\"@id\":\"https:\\\/\\\/froelich.de\\\/#\\\/schema\\\/logo\\\/image\\\/\"}}]}<\/script>\n<!-- \/ Yoast SEO plugin. -->","yoast_head_json":{"title":"About Us - Transimeksa","description":"All logistics services: cargo transportation by personal and partner transport, intermodal services and warehousing.","robots":{"index":"index","follow":"follow","max-snippet":"max-snippet:-1","max-image-preview":"max-image-preview:large","max-video-preview":"max-video-preview:-1"},"canonical":"https:\/\/froelich.de\/en\/about-us\/","og_locale":"en_US","og_type":"article","og_title":"About Us - Transimeksa","og_description":"All logistics services: cargo transportation by personal and partner transport, intermodal services and warehousing.","og_url":"https:\/\/froelich.de\/en\/about-us\/","og_site_name":"Transimeksa","article_modified_time":"2021-12-08T10:57:32+00:00","og_image":[{"width":965,"height":538,"url":"https:\/\/froelich.de\/wp-content\/uploads\/2021\/11\/Froelich-intermodal-web-2.jpg","type":"image\/jpeg"}],"twitter_card":"summary_large_image","twitter_misc":{"Est. reading time":"1 minute"},"schema":{"@context":"https:\/\/schema.org","@graph":[{"@type":"WebPage","@id":"https:\/\/froelich.de\/en\/about-us\/","url":"https:\/\/froelich.de\/en\/about-us\/","name":"About Us - Transimeksa","isPartOf":{"@id":"https:\/\/froelich.de\/#website"},"primaryImageOfPage":{"@id":"https:\/\/froelich.de\/en\/about-us\/#primaryimage"},"image":{"@id":"https:\/\/froelich.de\/en\/about-us\/#primaryimage"},"thumbnailUrl":"https:\/\/froelich.de\/wp-content\/uploads\/2021\/11\/Froelich-intermodal-web-2.jpg","datePublished":"2021-05-25T06:12:54+00:00","dateModified":"2021-12-08T10:57:32+00:00","description":"All logistics services: cargo transportation by personal and partner transport, intermodal services and warehousing.","breadcrumb":{"@id":"https:\/\/froelich.de\/en\/about-us\/#breadcrumb"},"inLanguage":"en-US","potentialAction":[{"@type":"ReadAction","target":["https:\/\/froelich.de\/en\/about-us\/"]}]},{"@type":"ImageObject","inLanguage":"en-US","@id":"https:\/\/froelich.de\/en\/about-us\/#primaryimage","url":"https:\/\/froelich.de\/wp-content\/uploads\/2021\/11\/Froelich-intermodal-web-2.jpg","contentUrl":"https:\/\/froelich.de\/wp-content\/uploads\/2021\/11\/Froelich-intermodal-web-2.jpg","width":965,"height":538,"caption":"Froelich logistics"},{"@type":"BreadcrumbList","@id":"https:\/\/froelich.de\/en\/about-us\/#breadcrumb","itemListElement":[{"@type":"ListItem","position":1,"name":"Home","item":"https:\/\/froelich.de\/en\/"},{"@type":"ListItem","position":2,"name":"About Us"}]},{"@type":"WebSite","@id":"https:\/\/froelich.de\/#website","url":"https:\/\/froelich.de\/","name":"Transimeksa","description":"","publisher":{"@id":"https:\/\/froelich.de\/#organization"},"potentialAction":[{"@type":"SearchAction","target":{"@type":"EntryPoint","urlTemplate":"https:\/\/froelich.de\/?s={search_term_string}"},"query-input":{"@type":"PropertyValueSpecification","valueRequired":true,"valueName":"search_term_string"}}],"inLanguage":"en-US"},{"@type":"Organization","@id":"https:\/\/froelich.de\/#organization","name":"Transimeksa","url":"https:\/\/froelich.de\/","logo":{"@type":"ImageObject","inLanguage":"en-US","@id":"https:\/\/froelich.de\/#\/schema\/logo\/image\/","url":"https:\/\/froelich.de\/wp-content\/uploads\/2021\/11\/frolich.png","contentUrl":"https:\/\/froelich.de\/wp-content\/uploads\/2021\/11\/frolich.png","width":197,"height":60,"caption":"Transimeksa"},"image":{"@id":"https:\/\/froelich.de\/#\/schema\/logo\/image\/"}}]}},"_links":{"self":[{"href":"https:\/\/froelich.de\/en\/wp-json\/wp\/v2\/pages\/1227","targetHints":{"allow":["GET"]}}],"collection":[{"href":"https:\/\/froelich.de\/en\/wp-json\/wp\/v2\/pages"}],"about":[{"href":"https:\/\/froelich.de\/en\/wp-json\/wp\/v2\/types\/page"}],"author":[{"embeddable":true,"href":"https:\/\/froelich.de\/en\/wp-json\/wp\/v2\/users\/3"}],"replies":[{"embeddable":true,"href":"https:\/\/froelich.de\/en\/wp-json\/wp\/v2\/comments?post=1227"}],"version-history":[{"count":3,"href":"https:\/\/froelich.de\/en\/wp-json\/wp\/v2\/pages\/1227\/revisions"}],"predecessor-version":[{"id":4393,"href":"https:\/\/froelich.de\/en\/wp-json\/wp\/v2\/pages\/1227\/revisions\/4393"}],"wp:featuredmedia":[{"embeddable":true,"href":"https:\/\/froelich.de\/en\/wp-json\/wp\/v2\/media\/4318"}],"wp:attachment":[{"href":"https:\/\/froelich.de\/en\/wp-json\/wp\/v2\/media?parent=1227"}],"curies":[{"name":"wp","href":"https:\/\/api.w.org\/{rel}","templated":true}]}}